{"id":2722,"date":"2018-07-16T14:56:10","date_gmt":"2018-07-16T12:56:10","guid":{"rendered":"https:\/\/www.authentiques-paris.com\/accueil-2\/"},"modified":"2024-02-29T12:16:18","modified_gmt":"2024-02-29T11:16:18","slug":"accueil-2","status":"publish","type":"page","link":"https:\/\/www.authentiques-paris.com\/en\/","title":{"rendered":"Accueil"},"content":{"rendered":"<p>[vc_row equal_height=&#8221;yes&#8221; content_placement=&#8221;middle&#8221; el_class=&#8221;home-slider-wrap&#8221;][vc_column offset=&#8221;vc_col-lg-6 vc_col-md-6 vc_col-xs-12&#8243;][vc_column_text css=&#8221;.vc_custom_1650544823200{background-image: url(https:\/\/www.authentiques-paris.com\/wp-content\/uploads\/2021\/02\/lettrine.png?id=3204) !important;}&#8221; el_class=&#8221;lettrine&#8221;]<em>Authentiques Paris<\/em><\/p>\n<h1><strong>Personalized hangers<\/strong> and <strong>leather\u00a0<\/strong>accessories<\/h1>\n<p>Authentiques Paris, these are <strong>personalized luxury hangers and high-end leather accessories<\/strong>. A brand promoting local craftsmanship, while attaching great importance to the quality and design of these products. 20 years of expertise and passion.<strong> Tailor-made hangers<\/strong>, in leather, in wood, totally customizable. Authentiques Paris dresses the most beautiful wardrobe of Villas, hotels like yachts.[\/vc_column_text][\/vc_column][vc_column offset=&#8221;vc_col-lg-6 vc_col-md-6 vc_col-xs-12&#8243;][vc_column_text]<iframe  id=\"_ytid_20595\"  width=\"900\" height=\"506\"  data-origwidth=\"900\" data-origheight=\"506\"  data-relstop=\"1\" src=\"https:\/\/www.youtube.com\/embed\/nf3XLo5hgC4?enablejsapi=1&iv_load_policy=3&cc_load_policy=1&rel=0&autoplay=0&cc_lang_pref=&loop=0&fs=1&playsinline=0&autohide=2&theme=dark&color=red&controls=1&disablekb=0&\" class=\"__youtube_prefs__  no-lazyload\" data-vol=\"0\"  data-epautoplay=\"1\"  title=\"YouTube player\"  allow=\"fullscreen; accelerometer; autoplay; clipboard-write; encrypted-media; gyroscope; picture-in-picture; web-share\" referrerpolicy=\"strict-origin-when-cross-origin\" allowfullscreen data-no-lazy=\"1\" data-skipgform_ajax_framebjll=\"\"><\/iframe>[\/vc_column_text][\/vc_column][\/vc_row][vc_row equal_height=&#8221;yes&#8221;][vc_column width=&#8221;1\/2&#8243; css=&#8221;.vc_custom_1609155409529{padding-top: 250px !important;padding-right: 0px !important;padding-bottom: 250px !important;padding-left: 80px !important;background-image: url(https:\/\/www.authentiques-paris.com\/wp-content\/uploads\/revslider\/slider-home\/slide-intro3.jpg?id=1789) !important;background-position: center !important;background-repeat: no-repeat !important;background-size: cover !important;}&#8221; offset=&#8221;vc_col-xs-12&#8243;][\/vc_column][vc_column width=&#8221;1\/2&#8243; css=&#8221;.vc_custom_1609159556617{padding-top: 100px !important;padding-right: 50px !important;padding-bottom: 50px !important;padding-left: 100px !important;background-position: center !important;background-repeat: no-repeat !important;background-size: cover !important;}&#8221; offset=&#8221;vc_col-xs-12&#8243;]\t<h2            class=\"text_uppercase text_left at_swp_js_css\"\r\n            data-atfs=\"28\"\r\n            data-atresponsive=\"{&quot;ls&quot;:{&quot;lg&quot;:5,&quot;md&quot;:5,&quot;sm&quot;:2,&quot;xs&quot;:3,&quot;xl&quot;:&quot;10&quot;},&quot;fs&quot;:{&quot;lg&quot;:25,&quot;md&quot;:25,&quot;sm&quot;:22,&quot;xs&quot;:22,&quot;xl&quot;:&quot;28&quot;}}\"\r\n            data-atls=\"10\"\r\n            data-atfw=\"300\">\r\n\t\tYour manufacturer of leather hangers and accessories\t<\/h2 >\r\n[vc_column_text css=&#8221;.vc_custom_1650544830422{padding-right: 0px !important;padding-left: 0px !important;}&#8221;]AUTHENTIQUES Paris has its roots in the Loire Valley among its fabulous ch\u00e2teaux which illustrate the aesthetics and know-how of French craftsmen. Specialized in the creation and design of <strong>dressing accessories<\/strong>, the House offers a collection of <strong>unique tailor-made hanger, high-end accessories<\/strong> for the care of your shoes as well as a line of leather goods.[\/vc_column_text][vc_btn title=&#8221;Configure your personalized hanger&#8221; link=&#8221;url:https%3A%2F%2Fwww.authentiques-paris.com%2Fen%2Fhanger-configurator%2F|title:Test%20iframe||&#8221;][\/vc_column][\/vc_row][vc_row el_class=&#8221;rangee-madeinfr&#8221; css=&#8221;.vc_custom_1610545501760{background-color: #f8f8f8 !important;}&#8221; el_id=&#8221;a-propos&#8221;][vc_column]\t<h2            class=\"text_uppercase text_center at_swp_js_css\"\r\n            data-atfs=\"28\"\r\n            data-atresponsive=\"{&quot;ls&quot;:{&quot;lg&quot;:5,&quot;md&quot;:5,&quot;sm&quot;:2,&quot;xs&quot;:3,&quot;xl&quot;:&quot;10&quot;},&quot;fs&quot;:{&quot;lg&quot;:25,&quot;md&quot;:25,&quot;sm&quot;:22,&quot;xs&quot;:22,&quot;xl&quot;:&quot;28&quot;}}\"\r\n            data-atls=\"10\"\r\n            data-atfw=\"300\">\r\n\t\tFRENCH DESIGN &amp; CRAFTSMANSHIP\t<\/h2 >\r\n[vc_single_image image=&#8221;2740&#8243; img_size=&#8221;full&#8221; alignment=&#8221;center&#8221; css=&#8221;.vc_custom_1609159620698{padding-top: 10px !important;padding-bottom: 0px !important;}&#8221;][\/vc_column][\/vc_row][vc_row full_width=&#8221;stretch_row_content_no_spaces&#8221; content_placement=&#8221;middle&#8221; css=&#8221;.vc_custom_1610545765257{padding-top: 0px !important;padding-bottom: 50px !important;background: #f8f8f8 url(https:\/\/www.authentiques-paris.com\/wp-content\/uploads\/2021\/01\/logo-transparent-2-1.png?id=3070) !important;background-position: center !important;background-repeat: no-repeat !important;background-size: cover !important;}&#8221; el_class=&#8221;bg-logo&#8221;][vc_column width=&#8221;1\/4&#8243; css=&#8221;.vc_custom_1528292597833{padding-right: 10% !important;padding-left: 10% !important;background-position: center !important;background-repeat: no-repeat !important;background-size: cover !important;}&#8221; offset=&#8221;vc_col-xs-12 vc_hidden-xs&#8221;][vc_column_text]\t<h3            class=\"no_transform text_left at_swp_js_css\"\r\n            data-atfs=\"24\"\r\n            data-atresponsive=\"{&quot;ls&quot;:{&quot;lg&quot;:5,&quot;md&quot;:3,&quot;sm&quot;:3,&quot;xs&quot;:3,&quot;xl&quot;:&quot;10&quot;},&quot;fs&quot;:{&quot;lg&quot;:18,&quot;md&quot;:15,&quot;sm&quot;:15,&quot;xs&quot;:22,&quot;xl&quot;:&quot;24&quot;}}\"\r\n            data-atls=\"10\"\r\n            data-atfw=\"300\">\r\n\t\tAMAZING DESIGN\t<\/h3 >\r\n[\/vc_column_text][\/vc_column][vc_column width=&#8221;1\/2&#8243;][vc_column_text css=&#8221;.vc_custom_1650544859975{padding-right: 10% !important;}&#8221;]For more than 20 years, the Goh\u00e9 family has been a discreet and inescapable supplier of <strong>high-end accessories<\/strong> to <strong>luxury brands<\/strong>. With its experience, a singular design, and wishing to support its French craftmen, it gives birth in 2016 to the brand AUTHENTIQUES PARIS to distribute its own creations. At the heart of their business, a matter of heart: <strong>HANGER!<\/strong> The brand dresses <strong>the most beautiful dressings<\/strong>, on land as on water. In addition to this iconic product, it offers other essential accessories such as shoe trees or shoehorns. NEW 2018, it offers an ever more sophisticated clientele, a range of ultra chic leather goods: toiletry bag, card holders, reversible belts &#8230; all made in skins from the <strong>best tanneries in France<\/strong>.[\/vc_column_text][\/vc_column][vc_column width=&#8221;1\/4&#8243;][vc_column_text]<img loading=\"lazy\" class=\"alignnone size-full wp-image-4688\" src=\"https:\/\/www.authentiques-paris.com\/wp-content\/uploads\/2022\/01\/madeinfr.png\" alt=\"made in france\" width=\"200\" height=\"89\" \/>[\/vc_column_text][\/vc_column][\/vc_row][vc_row full_width=&#8221;stretch_row_content_no_spaces&#8221; equal_height=&#8221;yes&#8221; content_placement=&#8221;middle&#8221; at_swp_row_boxed_width=&#8221;force_full&#8221; css=&#8221;.vc_custom_1610544852288{padding-top: 60px !important;padding-bottom: 30px !important;}&#8221; el_class=&#8221;rangee-fullwidth-special&#8221;][vc_column width=&#8221;1\/3&#8243;][vc_single_image image=&#8221;2738&#8243; img_size=&#8221;full&#8221;][\/vc_column][vc_column width=&#8221;1\/3&#8243;]\t<h2            class=\"text_uppercase text_center at_swp_js_css\"\r\n            data-atfs=\"28\"\r\n            data-atresponsive=\"{&quot;ls&quot;:{&quot;lg&quot;:5,&quot;md&quot;:5,&quot;sm&quot;:2,&quot;xs&quot;:3,&quot;xl&quot;:&quot;10&quot;},&quot;fs&quot;:{&quot;lg&quot;:25,&quot;md&quot;:25,&quot;sm&quot;:22,&quot;xs&quot;:22,&quot;xl&quot;:&quot;28&quot;}}\"\r\n            data-atls=\"10\"\r\n            data-atfw=\"300\">\r\n\t\tE-SHOP\t<\/h2 >\r\n[vc_column_text css=&#8221;.vc_custom_1650544883496{padding-top: 10px !important;}&#8221;]<\/p>\n<p style=\"text-align: center;\">Most AUTHENTIQUES products are entirely made to measure at your request. Nevertheless, we put at your disposal on this site an online shop, allowing you to acquire a selection of accessories, <strong>customizable for some<\/strong>. The nobility of the essences, the quality and the beauty of the forms drawn by our team of experts, will undoubtedly delight you and become, forever, the guardians of your wardrobe.<\/p>\n<p>[\/vc_column_text][vc_btn title=&#8221;E-SHOP&#8221; align=&#8221;center&#8221; link=&#8221;url:https%3A%2F%2Fwww.authentiques-paris.com%2Fen%2Fshop%2F|title:Boutique||&#8221;][\/vc_column][vc_column width=&#8221;1\/3&#8243;][vc_single_image image=&#8221;2742&#8243; img_size=&#8221;full&#8221; alignment=&#8221;right&#8221; css=&#8221;.vc_custom_1531746255284{padding-right: 0px !important;}&#8221;][\/vc_column][\/vc_row][vc_row equal_height=&#8221;yes&#8221; content_placement=&#8221;middle&#8221; css=&#8221;.vc_custom_1610545827692{padding-top: 50px !important;padding-bottom: 50px !important;background-color: #f8f8f8 !important;}&#8221; el_class=&#8221;catalogue-temoignages&#8221;][vc_column width=&#8221;1\/2&#8243;][vc_row_inner css=&#8221;.vc_custom_1527689537119{padding-left: 20% !important;}&#8221;][vc_column_inner][vc_column_text]<\/p>\n<h3 style=\"text-align: center;\">Authentiques Paris encourages its customers to be\u00a0 <strong><i>capricious<\/i><\/strong> ! \u201cThe more they are, the more we push the limits of our creativity and French excellence. \u201c<\/h3>\n<p style=\"text-align: center; color: #999;\">Laurent Goh\u00e9<\/p>\n<p>[\/vc_column_text][\/vc_column_inner][\/vc_row_inner][\/vc_column][vc_column width=&#8221;1\/2&#8243; css=&#8221;.vc_custom_1527689668467{padding-top: 50px !important;padding-right: 0px !important;padding-bottom: 0px !important;padding-left: 10% !important;}&#8221;][vc_row_inner css=&#8221;.vc_custom_1529336062718{padding-right: 20% !important;}&#8221;][vc_column_inner][vc_text_separator title=&#8221;DISCOVER A SELECTION OF OUR PRODUCTS IN THE FOLLOWING CATALOG&#8221;][vc_single_image image=&#8221;4978&#8243; img_size=&#8221;full&#8221; alignment=&#8221;center&#8221; onclick=&#8221;custom_link&#8221; img_link_target=&#8221;_blank&#8221; link=&#8221;https:\/\/www.authentiques-paris.com\/wp-content\/uploads\/2024\/02\/Catalogue-AuthentiquesENG-2024.pdf&#8221; css=&#8221;.vc_custom_1709205373638{padding-top: 20px !important;}&#8221;][\/vc_column_inner][\/vc_row_inner][\/vc_column][\/vc_row]<\/p>\n","protected":false},"excerpt":{"rendered":"<p>[vc_row equal_height=&#8221;yes&#8221; content_placement=&#8221;middle&#8221; el_class=&#8221;home-slider-wrap&#8221;][vc_column offset=&#8221;vc_col-lg-6 vc_col-md-6 vc_col-xs-12&#8243;][vc_column_text css=&#8221;.vc_custom_1650544823200{background-image: url(https:\/\/www.authentiques-paris.com\/wp-content\/uploads\/2021\/02\/lettrine.png?id=3204) !important;}&#8221; el_class=&#8221;lettrine&#8221;]Authentiques Paris Personalized hangers and leather\u00a0accessories Authentiques Paris, these are personalized luxury hangers and high-end leather accessories. A brand promoting local craftsmanship, while attaching great importance to the quality and&#8230;<\/p>\n","protected":false},"author":1,"featured_media":0,"parent":0,"menu_order":0,"comment_status":"closed","ping_status":"closed","template":"template-visual-composer.php","meta":{"_vp_format_video_url":"","_vp_image_focal_point":[]},"acf":[],"yoast_head":"<!-- This site is optimized with the Yoast SEO plugin v18.1 - https:\/\/yoast.com\/wordpress\/plugins\/seo\/ -->\n<title>Cintres personnalis\u00e9s et Accessoires Cuirs | Authentiques Paris<\/title>\n<meta name=\"description\" content=\"Marque fran\u00e7aise d&#039;accessoires de dressing personnalisables. Un savoir-faire artisanal fran\u00e7ais pour r\u00e9aliser vos cintres et accessoires en cuir sur-mesure.\" \/>\n<meta name=\"robots\" content=\"index, follow, max-snippet:-1, max-image-preview:large, max-video-preview:-1\" \/>\n<link rel=\"canonical\" href=\"https:\/\/www.authentiques-paris.com\/en\/\" \/>\n<meta property=\"og:locale\" content=\"en_US\" \/>\n<meta property=\"og:type\" content=\"article\" \/>\n<meta property=\"og:title\" content=\"Cintres personnalis\u00e9s et Accessoires Cuirs | Authentiques Paris\" \/>\n<meta property=\"og:description\" content=\"Marque fran\u00e7aise d&#039;accessoires de dressing personnalisables. Un savoir-faire artisanal fran\u00e7ais pour r\u00e9aliser vos cintres et accessoires en cuir sur-mesure.\" \/>\n<meta property=\"og:url\" content=\"https:\/\/www.authentiques-paris.com\/en\/\" \/>\n<meta property=\"og:site_name\" content=\"Authentiques Paris\" \/>\n<meta property=\"article:modified_time\" content=\"2024-02-29T11:16:18+00:00\" \/>\n<meta property=\"og:image\" content=\"https:\/\/www.authentiques-paris.com\/wp-content\/uploads\/2022\/01\/madeinfr.png\" \/>\n<meta name=\"twitter:card\" content=\"summary_large_image\" \/>\n<meta name=\"twitter:label1\" content=\"Est. reading time\" \/>\n\t<meta name=\"twitter:data1\" content=\"4 minutes\" \/>\n<script type=\"application\/ld+json\" class=\"yoast-schema-graph\">{\"@context\":\"https:\/\/schema.org\",\"@graph\":[{\"@type\":\"WebSite\",\"@id\":\"https:\/\/www.authentiques-paris.com\/#website\",\"url\":\"https:\/\/www.authentiques-paris.com\/\",\"name\":\"Authentiques Paris\",\"description\":\"Accessoires de luxe pour dressing et soin des chaussures\",\"potentialAction\":[{\"@type\":\"SearchAction\",\"target\":{\"@type\":\"EntryPoint\",\"urlTemplate\":\"https:\/\/www.authentiques-paris.com\/?s={search_term_string}\"},\"query-input\":\"required name=search_term_string\"}],\"inLanguage\":\"en-US\"},{\"@type\":\"ImageObject\",\"@id\":\"https:\/\/www.authentiques-paris.com\/en\/#primaryimage\",\"inLanguage\":\"en-US\",\"url\":\"https:\/\/www.authentiques-paris.com\/wp-content\/uploads\/2022\/01\/madeinfr.png\",\"contentUrl\":\"https:\/\/www.authentiques-paris.com\/wp-content\/uploads\/2022\/01\/madeinfr.png\",\"width\":200,\"height\":89},{\"@type\":\"WebPage\",\"@id\":\"https:\/\/www.authentiques-paris.com\/en\/#webpage\",\"url\":\"https:\/\/www.authentiques-paris.com\/en\/\",\"name\":\"Cintres personnalis\u00e9s et Accessoires Cuirs | Authentiques Paris\",\"isPartOf\":{\"@id\":\"https:\/\/www.authentiques-paris.com\/#website\"},\"primaryImageOfPage\":{\"@id\":\"https:\/\/www.authentiques-paris.com\/en\/#primaryimage\"},\"datePublished\":\"2018-07-16T12:56:10+00:00\",\"dateModified\":\"2024-02-29T11:16:18+00:00\",\"description\":\"Marque fran\u00e7aise d'accessoires de dressing personnalisables. Un savoir-faire artisanal fran\u00e7ais pour r\u00e9aliser vos cintres et accessoires en cuir sur-mesure.\",\"breadcrumb\":{\"@id\":\"https:\/\/www.authentiques-paris.com\/en\/#breadcrumb\"},\"inLanguage\":\"en-US\",\"potentialAction\":[{\"@type\":\"ReadAction\",\"target\":[\"https:\/\/www.authentiques-paris.com\/en\/\"]}]},{\"@type\":\"BreadcrumbList\",\"@id\":\"https:\/\/www.authentiques-paris.com\/en\/#breadcrumb\",\"itemListElement\":[{\"@type\":\"ListItem\",\"position\":1,\"name\":\"Accueil\",\"item\":\"https:\/\/www.authentiques-paris.com\/en\/\"},{\"@type\":\"ListItem\",\"position\":2,\"name\":\"Accueil\"}]}]}<\/script>\n<!-- \/ Yoast SEO plugin. -->","yoast_head_json":{"title":"Cintres personnalis\u00e9s et Accessoires Cuirs | Authentiques Paris","description":"Marque fran\u00e7aise d'accessoires de dressing personnalisables. Un savoir-faire artisanal fran\u00e7ais pour r\u00e9aliser vos cintres et accessoires en cuir sur-mesure.","robots":{"index":"index","follow":"follow","max-snippet":"max-snippet:-1","max-image-preview":"max-image-preview:large","max-video-preview":"max-video-preview:-1"},"canonical":"https:\/\/www.authentiques-paris.com\/en\/","og_locale":"en_US","og_type":"article","og_title":"Cintres personnalis\u00e9s et Accessoires Cuirs | Authentiques Paris","og_description":"Marque fran\u00e7aise d'accessoires de dressing personnalisables. Un savoir-faire artisanal fran\u00e7ais pour r\u00e9aliser vos cintres et accessoires en cuir sur-mesure.","og_url":"https:\/\/www.authentiques-paris.com\/en\/","og_site_name":"Authentiques Paris","article_modified_time":"2024-02-29T11:16:18+00:00","og_image":[{"url":"https:\/\/www.authentiques-paris.com\/wp-content\/uploads\/2022\/01\/madeinfr.png"}],"twitter_card":"summary_large_image","twitter_misc":{"Est. reading time":"4 minutes"},"schema":{"@context":"https:\/\/schema.org","@graph":[{"@type":"WebSite","@id":"https:\/\/www.authentiques-paris.com\/#website","url":"https:\/\/www.authentiques-paris.com\/","name":"Authentiques Paris","description":"Accessoires de luxe pour dressing et soin des chaussures","potentialAction":[{"@type":"SearchAction","target":{"@type":"EntryPoint","urlTemplate":"https:\/\/www.authentiques-paris.com\/?s={search_term_string}"},"query-input":"required name=search_term_string"}],"inLanguage":"en-US"},{"@type":"ImageObject","@id":"https:\/\/www.authentiques-paris.com\/en\/#primaryimage","inLanguage":"en-US","url":"https:\/\/www.authentiques-paris.com\/wp-content\/uploads\/2022\/01\/madeinfr.png","contentUrl":"https:\/\/www.authentiques-paris.com\/wp-content\/uploads\/2022\/01\/madeinfr.png","width":200,"height":89},{"@type":"WebPage","@id":"https:\/\/www.authentiques-paris.com\/en\/#webpage","url":"https:\/\/www.authentiques-paris.com\/en\/","name":"Cintres personnalis\u00e9s et Accessoires Cuirs | Authentiques Paris","isPartOf":{"@id":"https:\/\/www.authentiques-paris.com\/#website"},"primaryImageOfPage":{"@id":"https:\/\/www.authentiques-paris.com\/en\/#primaryimage"},"datePublished":"2018-07-16T12:56:10+00:00","dateModified":"2024-02-29T11:16:18+00:00","description":"Marque fran\u00e7aise d'accessoires de dressing personnalisables. Un savoir-faire artisanal fran\u00e7ais pour r\u00e9aliser vos cintres et accessoires en cuir sur-mesure.","breadcrumb":{"@id":"https:\/\/www.authentiques-paris.com\/en\/#breadcrumb"},"inLanguage":"en-US","potentialAction":[{"@type":"ReadAction","target":["https:\/\/www.authentiques-paris.com\/en\/"]}]},{"@type":"BreadcrumbList","@id":"https:\/\/www.authentiques-paris.com\/en\/#breadcrumb","itemListElement":[{"@type":"ListItem","position":1,"name":"Accueil","item":"https:\/\/www.authentiques-paris.com\/en\/"},{"@type":"ListItem","position":2,"name":"Accueil"}]}]}},"_links":{"self":[{"href":"https:\/\/www.authentiques-paris.com\/en\/wp-json\/wp\/v2\/pages\/2722"}],"collection":[{"href":"https:\/\/www.authentiques-paris.com\/en\/wp-json\/wp\/v2\/pages"}],"about":[{"href":"https:\/\/www.authentiques-paris.com\/en\/wp-json\/wp\/v2\/types\/page"}],"author":[{"embeddable":true,"href":"https:\/\/www.authentiques-paris.com\/en\/wp-json\/wp\/v2\/users\/1"}],"replies":[{"embeddable":true,"href":"https:\/\/www.authentiques-paris.com\/en\/wp-json\/wp\/v2\/comments?post=2722"}],"version-history":[{"count":22,"href":"https:\/\/www.authentiques-paris.com\/en\/wp-json\/wp\/v2\/pages\/2722\/revisions"}],"predecessor-version":[{"id":4984,"href":"https:\/\/www.authentiques-paris.com\/en\/wp-json\/wp\/v2\/pages\/2722\/revisions\/4984"}],"wp:attachment":[{"href":"https:\/\/www.authentiques-paris.com\/en\/wp-json\/wp\/v2\/media?parent=2722"}],"curies":[{"name":"wp","href":"https:\/\/api.w.org\/{rel}","templated":true}]}}