{"id":2603,"date":"2018-03-20T16:34:14","date_gmt":"2018-03-20T15:34:14","guid":{"rendered":"https:\/\/www.authentiques-paris.com\/nos-cuirs\/"},"modified":"2022-04-21T15:16:06","modified_gmt":"2022-04-21T13:16:06","slug":"top-of-the-range-materials","status":"publish","type":"page","link":"https:\/\/www.authentiques-paris.com\/en\/top-of-the-range-materials\/","title":{"rendered":"Top of the range materials"},"content":{"rendered":"<p>[vc_row el_class=&#8221;intro-page&#8221;][vc_column el_class=&#8221;lettrine&#8221; css=&#8221;.vc_custom_1613725420461{background-image: url(https:\/\/www.authentiques-paris.com\/wp-content\/uploads\/2021\/02\/lettrine.png?id=3204) !important;}&#8221;][vc_column_text]<em>Personalized hangers<br \/>\n<\/em><\/p>\n<h1>Top of the range materials<\/h1>\n<p>[\/vc_column_text][vc_row_inner][vc_column_inner width=&#8221;1\/2&#8243;][vc_column_text]The nobility of the woods, the finesse of the leathers from French and European tanneries, the beauty of the fabrics produced for the greatest of this world since 1860 &#8230;[\/vc_column_text][\/vc_column_inner][vc_column_inner width=&#8221;1\/2&#8243;][vc_column_text]In collaboration with Maison Charles Burger, Authentiques Paris has selected these exceptional quality materials for you to guarantee total refinement of your <strong>luxury hangers<\/strong> and <strong>high-end accessories.<\/strong>[\/vc_column_text][\/vc_column_inner][\/vc_row_inner][\/vc_column][\/vc_row][vc_row equal_height=&#8221;yes&#8221; content_placement=&#8221;middle&#8221; el_class=&#8221;tx-galerie&#8221;][vc_column width=&#8221;1\/2&#8243; el_class=&#8221;big-galerie&#8221;][vc_tta_tabs style=&#8221;modern&#8221; active_section=&#8221;1&#8243; css=&#8221;.vc_custom_1521561146822{background-color: rgba(249,249,249,0.01) !important;*background-color: rgb(249,249,249) !important;}&#8221;][vc_tta_section title=&#8221;Leather GRAINED&#8221; tab_id=&#8221;cuirs-graines&#8221;][vc_masonry_media_grid element_width=&#8221;2&#8243; item=&#8221;3317&#8243; grid_id=&#8221;vc_gid:1650546730080-992c3708-b440-2&#8243; include=&#8221;3319,4256,4255,4254,4253,4252,4251,4250,4249,4248,4247,4246,4245,4244,4242,4241,4240,4239,4238,4237,4236,4235,4233,4232,4231,4229,4228,4226,4225,4224,4223,4222,4221,4219,4218,4217,4216,4215,4214,4213,4212,4211,4210,4209,4208,4207,4206,4205,4204,4203,4202,4200,4199,4198,4197,4196,4195,4194,4193,4188,4187,4184,4183,4182,4181,4180,4179,4178,4177,4176,4175,4174,4173,4172,4171,4170,4169,4167,4165,4164,4163,4162,4161,4160&#8243;][\/vc_tta_section][vc_tta_section title=&#8221;SMOOTH leather&#8221; tab_id=&#8221;cuirs-lisses&#8221;][vc_masonry_media_grid element_width=&#8221;2&#8243; item=&#8221;3317&#8243; grid_id=&#8221;vc_gid:1650546730082-c3e12755-4a60-1&#8243; include=&#8221;3236,3234,3314,3312,3310,3308,3306,3304,3302,3300,3298,3296,3294,3292,3290,3288,3286,3284,3282,3280,3278,3276,3274,3272,3270,3268,3266,3264,3262,3260,3258,3256,3254,3252,3250,3248,3246,3244,3242,3240,3238&#8243;][\/vc_tta_section][vc_tta_section title=&#8221;NUBUCKS Leather&#8221; tab_id=&#8221;cuirs-nubucks&#8221;][vc_masonry_media_grid element_width=&#8221;2&#8243; item=&#8221;3317&#8243; grid_id=&#8221;vc_gid:1650546730082-f27739a6-4c2f-7&#8243; include=&#8221;3321,3323,3324,3325,3326,3327,3328,3329,3330,3331,3332,3333,3334,3335,3336,3337,4318,4317,4276,4316,4315,4314,4260,4270,4313,4312,4311,4310,4303,4309,4294,4308&#8243;][\/vc_tta_section][\/vc_tta_tabs][\/vc_column][vc_column width=&#8221;1\/2&#8243;][vc_column_text]<\/p>\n<h2>Leather<\/h2>\n<h3>Leather <strong>grained<\/strong><\/h3>\n<p>The leathers in this collection for your <strong>leather hangers<\/strong> proviennent de bovins d&#8217;Europe, fleur corrig\u00e9e, pigment\u00e9e, grain\u00e9e, souple, tannage min\u00e9ral.\u00a0Grained leather will give relief and shade to your leather hanger. Apart from its aesthetic advantages, it is <strong>particularly resistant<\/strong> to scratches, rings or other snags that you could inadvertently subject it to.<\/p>\n<h3><strong>Smooth <\/strong>leather<\/h3>\n<p>The collection of these leathers for the creation of your leather hangers comes from European cattle, full grain, aniline finish, smooth, natural grain, mineral tanning. Opt for smooth leather for a<strong>natural and pure look<\/strong> for your elegant leather hanger. We offer a wide choice of colors that will allow you to <strong>match your hangers to your interior decor.<\/strong><\/p>\n<h3><strong>Nubucks<\/strong> Leather<\/h3>\n<p>The collection of NUBUCK leathers for your leather hangers comes from European bulls, grained, mineral tanned. Soft or flashy colors, nubuck leather will be <strong>ideal for your lingerie and clothing with thin straps.<\/strong>. Indeed, you will appreciate the non-slip aspect as much as the peach skin feel of your leather hanger.[\/vc_column_text][\/vc_column][\/vc_row][vc_row equal_height=&#8221;yes&#8221; content_placement=&#8221;middle&#8221; el_class=&#8221;tx-galerie&#8221;][vc_column width=&#8221;1\/2&#8243;][vc_column_text]<\/p>\n<h2>Tints<\/h2>\n<p>All our wooden hangers are made of Beech from French or European managed forests, under FSC or PEFC standards. We offer here a non-exhaustive range of colors of the most common shades, but as a manufacturer of luxury wooden hangers, we can perfectly reproduce all the colors existing or in harmony with your interior decoration.<br \/>\nFor the lacquer, we can apply all the RAL colors existing to date in matte or satin finish.[\/vc_column_text][\/vc_column][vc_column width=&#8221;1\/2&#8243;][vc_tta_tabs style=&#8221;modern&#8221; active_section=&#8221;1&#8243; css=&#8221;.vc_custom_1521561146822{background-color: rgba(249,249,249,0.01) !important;*background-color: rgb(249,249,249) !important;}&#8221;][vc_tta_section title=&#8221;Standard tints&#8221; tab_id=&#8221;teintes-standards&#8221;][vc_masonry_media_grid element_width=&#8221;2&#8243; item=&#8221;3317&#8243; grid_id=&#8221;vc_gid:1650546730084-af05849b-ae0c-3&#8243; include=&#8221;3625,3627,3629,3631,3633,3635,3637,3639&#8243;][\/vc_tta_section][vc_tta_section title=&#8221;Design tints&#8221; tab_id=&#8221;teintes-design&#8221;][vc_masonry_media_grid element_width=&#8221;2&#8243; item=&#8221;3317&#8243; grid_id=&#8221;vc_gid:1650546730084-7768767a-23ca-2&#8243; include=&#8221;3641,3643,3645,3647,3649,3651,3653,3655,3657&#8243;][\/vc_tta_section][\/vc_tta_tabs][\/vc_column][\/vc_row][vc_row equal_height=&#8221;yes&#8221; content_placement=&#8221;middle&#8221; el_class=&#8221;tx-galerie&#8221;][vc_column width=&#8221;1\/2&#8243;][vc_tta_tabs style=&#8221;modern&#8221; active_section=&#8221;1&#8243; css=&#8221;.vc_custom_1521561146822{background-color: rgba(249,249,249,0.01) !important;*background-color: rgb(249,249,249) !important;}&#8221;][vc_tta_section title=&#8221;Fabrics&#8221; tab_id=&#8221;tissus&#8221;][vc_masonry_media_grid element_width=&#8221;2&#8243; item=&#8221;3317&#8243; grid_id=&#8221;vc_gid:1650546730085-5464d9d5-7184-7&#8243; include=&#8221;3484,3486,3488,3490,3492,3494&#8243;][\/vc_tta_section][\/vc_tta_tabs][\/vc_column][vc_column width=&#8221;1\/2&#8243;][vc_column_text]<\/p>\n<h2>Fabrics<\/h2>\n<p>For you Ladies, in collaboration with the house Charles Burger, supplier of fabrics for the greats of this world since 1860, Authentiques Paris has designed hangers in velvet and royal fabrics for delicate clothes: hanger for fine lingerie, shirt hangers, hangers jackets, skirts hangers. These hangers are wrapped in quality foam and sheathed in fabrics inspired by the original patterns of French history.<br \/>\nAn alliance of exceptional know-how unique in the world, offering a distinguished and refined touch to &#8220;French-style&#8221; wardrobes. Toile de jouy, plain or patterned velvet, patterned moire, floral poplin, frozen percale, barry reps..[\/vc_column_text][\/vc_column][\/vc_row][vc_row el_class=&#8221;rangee-btn&#8221;][vc_column][vc_btn title=&#8221;Discover the other customization options&#8221; align=&#8221;center&#8221; i_align=&#8221;right&#8221; i_icon_fontawesome=&#8221;fa fa-long-arrow-right&#8221; add_icon=&#8221;true&#8221; link=&#8221;url:https%3A%2F%2Fwww.authentiques-paris.com%2Fen%2Fauthentiques-paris-personalized-hangers%2F|title:Authentiques%20Paris%20%E2%80%93%20cintres%20personnalis%C3%A9s||&#8221;][\/vc_column][\/vc_row]<\/p>\n","protected":false},"excerpt":{"rendered":"<p>[vc_row el_class=&#8221;intro-page&#8221;][vc_column el_class=&#8221;lettrine&#8221; css=&#8221;.vc_custom_1613725420461{background-image: url(https:\/\/www.authentiques-paris.com\/wp-content\/uploads\/2021\/02\/lettrine.png?id=3204) !important;}&#8221;][vc_column_text]Personalized hangers Top of the range materials [\/vc_column_text][vc_row_inner][vc_column_inner width=&#8221;1\/2&#8243;][vc_column_text]The nobility of the woods, the finesse of the leathers from French and European tanneries, the beauty of the fabrics produced for the greatest of this world&#8230;<\/p>\n","protected":false},"author":1,"featured_media":0,"parent":0,"menu_order":0,"comment_status":"closed","ping_status":"closed","template":"template-visual-composer.php","meta":{"_vp_format_video_url":"","_vp_image_focal_point":[]},"acf":[],"yoast_head":"<!-- This site is optimized with the Yoast SEO plugin v18.1 - https:\/\/yoast.com\/wordpress\/plugins\/seo\/ -->\n<title>Top of the range materials - Personalized hangers<\/title>\n<meta name=\"description\" content=\"Authentiques Paris has selected these exceptional quality materials for you to guarantee total refinement of your luxury hangers and high-end accessories.\" \/>\n<meta name=\"robots\" content=\"index, follow, max-snippet:-1, max-image-preview:large, max-video-preview:-1\" \/>\n<link rel=\"canonical\" href=\"https:\/\/www.authentiques-paris.com\/en\/top-of-the-range-materials\/\" \/>\n<meta property=\"og:locale\" content=\"en_US\" \/>\n<meta property=\"og:type\" content=\"article\" \/>\n<meta property=\"og:title\" content=\"Top of the range materials - Personalized hangers\" \/>\n<meta property=\"og:description\" content=\"Authentiques Paris has selected these exceptional quality materials for you to guarantee total refinement of your luxury hangers and high-end accessories.\" \/>\n<meta property=\"og:url\" content=\"https:\/\/www.authentiques-paris.com\/en\/top-of-the-range-materials\/\" \/>\n<meta property=\"og:site_name\" content=\"Authentiques Paris\" \/>\n<meta property=\"article:modified_time\" content=\"2022-04-21T13:16:06+00:00\" \/>\n<meta name=\"twitter:card\" content=\"summary_large_image\" \/>\n<meta name=\"twitter:label1\" content=\"Est. reading time\" \/>\n\t<meta name=\"twitter:data1\" content=\"3 minutes\" \/>\n<script type=\"application\/ld+json\" class=\"yoast-schema-graph\">{\"@context\":\"https:\/\/schema.org\",\"@graph\":[{\"@type\":\"WebSite\",\"@id\":\"https:\/\/www.authentiques-paris.com\/#website\",\"url\":\"https:\/\/www.authentiques-paris.com\/\",\"name\":\"Authentiques Paris\",\"description\":\"Accessoires de luxe pour dressing et soin des chaussures\",\"potentialAction\":[{\"@type\":\"SearchAction\",\"target\":{\"@type\":\"EntryPoint\",\"urlTemplate\":\"https:\/\/www.authentiques-paris.com\/?s={search_term_string}\"},\"query-input\":\"required name=search_term_string\"}],\"inLanguage\":\"en-US\"},{\"@type\":\"WebPage\",\"@id\":\"https:\/\/www.authentiques-paris.com\/en\/top-of-the-range-materials\/#webpage\",\"url\":\"https:\/\/www.authentiques-paris.com\/en\/top-of-the-range-materials\/\",\"name\":\"Top of the range materials - Personalized hangers\",\"isPartOf\":{\"@id\":\"https:\/\/www.authentiques-paris.com\/#website\"},\"datePublished\":\"2018-03-20T15:34:14+00:00\",\"dateModified\":\"2022-04-21T13:16:06+00:00\",\"description\":\"Authentiques Paris has selected these exceptional quality materials for you to guarantee total refinement of your luxury hangers and high-end accessories.\",\"breadcrumb\":{\"@id\":\"https:\/\/www.authentiques-paris.com\/en\/top-of-the-range-materials\/#breadcrumb\"},\"inLanguage\":\"en-US\",\"potentialAction\":[{\"@type\":\"ReadAction\",\"target\":[\"https:\/\/www.authentiques-paris.com\/en\/top-of-the-range-materials\/\"]}]},{\"@type\":\"BreadcrumbList\",\"@id\":\"https:\/\/www.authentiques-paris.com\/en\/top-of-the-range-materials\/#breadcrumb\",\"itemListElement\":[{\"@type\":\"ListItem\",\"position\":1,\"name\":\"Accueil\",\"item\":\"https:\/\/www.authentiques-paris.com\/en\/\"},{\"@type\":\"ListItem\",\"position\":2,\"name\":\"Top of the range materials\"}]}]}<\/script>\n<!-- \/ Yoast SEO plugin. -->","yoast_head_json":{"title":"Top of the range materials - Personalized hangers","description":"Authentiques Paris has selected these exceptional quality materials for you to guarantee total refinement of your luxury hangers and high-end accessories.","robots":{"index":"index","follow":"follow","max-snippet":"max-snippet:-1","max-image-preview":"max-image-preview:large","max-video-preview":"max-video-preview:-1"},"canonical":"https:\/\/www.authentiques-paris.com\/en\/top-of-the-range-materials\/","og_locale":"en_US","og_type":"article","og_title":"Top of the range materials - Personalized hangers","og_description":"Authentiques Paris has selected these exceptional quality materials for you to guarantee total refinement of your luxury hangers and high-end accessories.","og_url":"https:\/\/www.authentiques-paris.com\/en\/top-of-the-range-materials\/","og_site_name":"Authentiques Paris","article_modified_time":"2022-04-21T13:16:06+00:00","twitter_card":"summary_large_image","twitter_misc":{"Est. reading time":"3 minutes"},"schema":{"@context":"https:\/\/schema.org","@graph":[{"@type":"WebSite","@id":"https:\/\/www.authentiques-paris.com\/#website","url":"https:\/\/www.authentiques-paris.com\/","name":"Authentiques Paris","description":"Accessoires de luxe pour dressing et soin des chaussures","potentialAction":[{"@type":"SearchAction","target":{"@type":"EntryPoint","urlTemplate":"https:\/\/www.authentiques-paris.com\/?s={search_term_string}"},"query-input":"required name=search_term_string"}],"inLanguage":"en-US"},{"@type":"WebPage","@id":"https:\/\/www.authentiques-paris.com\/en\/top-of-the-range-materials\/#webpage","url":"https:\/\/www.authentiques-paris.com\/en\/top-of-the-range-materials\/","name":"Top of the range materials - Personalized hangers","isPartOf":{"@id":"https:\/\/www.authentiques-paris.com\/#website"},"datePublished":"2018-03-20T15:34:14+00:00","dateModified":"2022-04-21T13:16:06+00:00","description":"Authentiques Paris has selected these exceptional quality materials for you to guarantee total refinement of your luxury hangers and high-end accessories.","breadcrumb":{"@id":"https:\/\/www.authentiques-paris.com\/en\/top-of-the-range-materials\/#breadcrumb"},"inLanguage":"en-US","potentialAction":[{"@type":"ReadAction","target":["https:\/\/www.authentiques-paris.com\/en\/top-of-the-range-materials\/"]}]},{"@type":"BreadcrumbList","@id":"https:\/\/www.authentiques-paris.com\/en\/top-of-the-range-materials\/#breadcrumb","itemListElement":[{"@type":"ListItem","position":1,"name":"Accueil","item":"https:\/\/www.authentiques-paris.com\/en\/"},{"@type":"ListItem","position":2,"name":"Top of the range materials"}]}]}},"_links":{"self":[{"href":"https:\/\/www.authentiques-paris.com\/en\/wp-json\/wp\/v2\/pages\/2603"}],"collection":[{"href":"https:\/\/www.authentiques-paris.com\/en\/wp-json\/wp\/v2\/pages"}],"about":[{"href":"https:\/\/www.authentiques-paris.com\/en\/wp-json\/wp\/v2\/types\/page"}],"author":[{"embeddable":true,"href":"https:\/\/www.authentiques-paris.com\/en\/wp-json\/wp\/v2\/users\/1"}],"replies":[{"embeddable":true,"href":"https:\/\/www.authentiques-paris.com\/en\/wp-json\/wp\/v2\/comments?post=2603"}],"version-history":[{"count":16,"href":"https:\/\/www.authentiques-paris.com\/en\/wp-json\/wp\/v2\/pages\/2603\/revisions"}],"predecessor-version":[{"id":4867,"href":"https:\/\/www.authentiques-paris.com\/en\/wp-json\/wp\/v2\/pages\/2603\/revisions\/4867"}],"wp:attachment":[{"href":"https:\/\/www.authentiques-paris.com\/en\/wp-json\/wp\/v2\/media?parent=2603"}],"curies":[{"name":"wp","href":"https:\/\/api.w.org\/{rel}","templated":true}]}}